{"id":2614,"date":"2022-06-29T10:11:39","date_gmt":"2022-06-29T14:11:39","guid":{"rendered":"https:\/\/centech.co\/?page_id=2614"},"modified":"2026-03-20T11:50:26","modified_gmt":"2026-03-20T15:50:26","slug":"about-us","status":"publish","type":"page","link":"https:\/\/centech.co\/en\/about-us\/","title":{"rendered":"About us"},"content":{"rendered":"","protected":false},"excerpt":{"rendered":"","protected":false},"author":22,"featured_media":3286,"parent":0,"menu_order":0,"comment_status":"closed","ping_status":"closed","template":"","meta":{"_acf_changed":false,"footnotes":""},"class_list":["post-2614","page","type-page","status-publish","has-post-thumbnail","hentry"],"acf":{"flexible_content":[{"acf_fc_layout":"2cols_image_content","block_titre":{"clone_espacement":"","clone_center":false,"clone_ancre":"","clone_uptitle":"","clone_title":"Centech | World-Class Innovation Center ","clone_subtitle":"","clone_description":"","clone_btn_1":"","clone_btn_2":"","afficher_les_angles":false,"couleur_du_bloc":"","couleur_du_bloc_before":"","couleur_du_bloc_after":"","clone_triangle":false,"clone_triangle_2":false,"color_bg":"grey_bg"},"2cols_repeater":[{"repeater_image_position":"gauche","repeater_image":11876,"repeater_title":"","repeater_2":"","repeater_content":"<h3>A non-profit organization, Centech supports high-tech companies and projects with high growth potential, from conceptualization to commercialization, thanks to a bold, collaborative and passionate ecosystem.<\/h3>","repeater_liste":null,"repeater_liste_hv":"1","repeater_btn_1":"","repeater_btn_2":"","texte_de_la_liste_plus_gros":false}]},{"acf_fc_layout":"timelines","block_titre":{"clone_espacement":"","clone_center":true,"clone_ancre":"history","clone_uptitle":"","clone_title":"Our history","clone_subtitle":"","clone_description":"","clone_btn_1":"","clone_btn_2":"","afficher_les_angles":false,"couleur_du_bloc":"","couleur_du_bloc_before":"","couleur_du_bloc_after":"","clone_triangle":false,"clone_triangle_2":false,"color_bg":"grey_bg"},"timelines_repeater":[{"timeline_title":"1996","timeline_subtitle":"","timeline_description":"Creation of Centech by the \u00c9cole de technologie sup\u00e9rieure "},{"timeline_title":"2018","timeline_subtitle":"","timeline_description":"Creation of the Collision Lab, an open innovation hub facilitating collaboration between startups and large corporations "},{"timeline_title":"2019","timeline_subtitle":"","timeline_description":"Centech recognized by UBI Global as one of the top 20 incubators in the world "},{"timeline_title":"2023","timeline_subtitle":"","timeline_description":"Centech recognized by UBI Global as one of the top 10 incubators in the world "}]},{"acf_fc_layout":"contenu_alternatif","block_titre":{"clone_espacement":"","clone_center":true,"clone_ancre":"values","clone_uptitle":"","clone_title":"Our values","clone_subtitle":"","clone_description":"","clone_btn_1":"","clone_btn_2":"","afficher_les_angles":true,"couleur_du_bloc":"grey","couleur_du_bloc_before":"black","couleur_du_bloc_after":"black","clone_triangle":false,"clone_triangle_2":false,"color_bg":"grey_bg"},"contenu_alternatif_repeater":[{"contenu_alternatif_repeater_title":"Enterprising","contenu_alternatif_repeater_subtitle":"","contenu_alternatif_repeater_content":"We collaborate with proactive and autonomous people, renowned for their sense of initiative and their thirst for excellence, who act with agility, efficiency and ambition to surpass themselves."},{"contenu_alternatif_repeater_title":"Collaborative","contenu_alternatif_repeater_subtitle":"","contenu_alternatif_repeater_content":"We have built a community based on mutual support and fueled by a strong sense of belonging, where everyone plays an active role in the success of the other."},{"contenu_alternatif_repeater_title":"Passionate","contenu_alternatif_repeater_subtitle":"","contenu_alternatif_repeater_content":"We hire people who are motivated and committed, and who can help in building a work environment that\u2019s both pleasant and dynamic, one in which rigor, consistency and competence combine."},{"contenu_alternatif_repeater_title":"Audacious","contenu_alternatif_repeater_subtitle":"","contenu_alternatif_repeater_content":"We are driven by optimism and curiosity in the face of change, and have implemented a dynamic based on continuous improvement and focused on solutions."},{"contenu_alternatif_repeater_title":"Responsible","contenu_alternatif_repeater_subtitle":"","contenu_alternatif_repeater_content":"We encourage ways of doing things, activities and projects that are authentic, inclusive and respectful of the environment, society and people."}]},{"acf_fc_layout":"encadre_numerote","block_titre":{"clone_espacement":["top","bottom"],"clone_center":true,"clone_ancre":"goals","clone_uptitle":"","clone_title":"","clone_subtitle":"","clone_description":"","clone_btn_1":"","clone_btn_2":"","afficher_les_angles":false,"couleur_du_bloc":"","couleur_du_bloc_before":"","couleur_du_bloc_after":"","clone_triangle":false,"clone_triangle_2":false,"color_bg":"grey_bg"},"number_title":"Our goals","number_content":"Learn more about Centech's objectives and the desired impact in Quebec and Canadian societies.","number_repeater":[{"number_repeater_title":"Encourage entrepreneurial ambitions and technology transfer in Quebec ","number_repeater_liste":[{"number_repeater_liste_item":"Stimulate entrepreneurial spirit and encourage technology transfer through open innovation"},{"number_repeater_liste_item":"Attract and retain the best local and international Deep tech and Medtech projects"}]},{"number_repeater_title":"Support high-potential technological innovation entrepreneurial projects","number_repeater_liste":[{"number_repeater_liste_item":"Offer an ecosystem focused on excellence, with access to quality training, support and infrastructure, to go from startup to business. "},{"number_repeater_liste_item":"Build an outstanding service offering and a first-class network including collaborators, partners and investors to accelerate business growth "},{"number_repeater_liste_item":" Provide key resources to support commercialization both locally and internationally"}]},{"number_repeater_title":"Actively participate in Quebec's economic development by providing concrete solutions to our societal issues","number_repeater_liste":[{"number_repeater_liste_item":"Support impact projects that address our society\u2019s current and future challenges"},{"number_repeater_liste_item":" Guarantee privileged access to Centech\u2019s ecosystem for deep tech MedTech and Edtech companies, throughout Quebec"}]}]},{"acf_fc_layout":"secteurs","block_titre":{"clone_espacement":["bottom"],"clone_center":true,"clone_ancre":"sectors","clone_uptitle":"","clone_title":"Our key sectors","clone_subtitle":"","clone_description":"We support high-potential Startups that offer innovative solutions to significant problems and societal challenges.","clone_btn_1":"","clone_btn_2":"","afficher_les_angles":true,"couleur_du_bloc":"grey","couleur_du_bloc_before":"black","couleur_du_bloc_after":"black","clone_triangle":false,"clone_triangle_2":false,"color_bg":"grey_bg"},"secteur_1":75,"secteur_img_1":1971,"secteur_description_1":"Products and solutions that rely on innovative technologies to respond to societal challenges and improve productivity.\r\nCentech is particularly interested in companies developing deep tech solutions in the following industries:\r\n\r\n&nbsp;\r\n<ul>\r\n \t<li>Automation &amp; Industry 4.0<\/li>\r\n \t<li>Transport &amp; Logistics<\/li>\r\n \t<li>Telecommunications &amp; Microelectronics<\/li>\r\n \t<li>Energy &amp; the Environment<\/li>\r\n<\/ul>","secteur_2":1093,"secteur_img_2":1973,"secteur__description_2":"Medtech encompasses technological products and solutions aimed at improving health care, quality of life and medical techniques to ensure the well-being of all individuals in our society.","clone_tags":[{"tags_tag":[55,56,57,36,58,60,62,61,63,65,64,70,67,68,69,37]}]},{"acf_fc_layout":"content_icone_white","block_titre":{"clone_espacement":"","clone_center":true,"clone_ancre":"sustainable-development","clone_uptitle":"","clone_title":"","clone_subtitle":"","clone_description":"","clone_btn_1":"","clone_btn_2":"","afficher_les_angles":false,"couleur_du_bloc":"","couleur_du_bloc_before":"","couleur_du_bloc_after":"","clone_triangle":false,"clone_triangle_2":false,"color_bg":"grey_bg"},"bloc_title":"Centech's commitment to sustainable development","bloc_content":"Centech places particular emphasis on technology companies that meet one of these 8 UN Sustainable Development Goals:","contenu_alternatif_repeater":[{"contenu_alternatif_repeater_icone":11523,"contenu_alternatif_repeater_content":"Affordable and clean energy"},{"contenu_alternatif_repeater_icone":11525,"contenu_alternatif_repeater_content":"Good health and well-being"},{"contenu_alternatif_repeater_icone":11527,"contenu_alternatif_repeater_content":"Industry, innovation and infrastructure"},{"contenu_alternatif_repeater_icone":11529,"contenu_alternatif_repeater_content":"Clean water and sanitation"},{"contenu_alternatif_repeater_icone":11531,"contenu_alternatif_repeater_content":"Climate action"},{"contenu_alternatif_repeater_icone":11533,"contenu_alternatif_repeater_content":"Sustainable cities and communities"},{"contenu_alternatif_repeater_icone":11535,"contenu_alternatif_repeater_content":"Responsible consumption and production"},{"contenu_alternatif_repeater_icone":11537,"contenu_alternatif_repeater_content":"Decent work and economic growth"}],"bouton_1":"","bouton_2":""},{"acf_fc_layout":"team","block_titre":{"clone_espacement":"","clone_center":true,"clone_ancre":"team","clone_uptitle":"","clone_title":"Centech's Team","clone_subtitle":"Direction Team","clone_description":"","clone_btn_1":"","clone_btn_2":"","afficher_les_angles":false,"couleur_du_bloc":"","couleur_du_bloc_before":"","couleur_du_bloc_after":"","clone_triangle":false,"clone_triangle_2":false,"color_bg":"grey_bg"},"team_repeater":[{"team_name":"Marjorick Foisy","team_poste":"General Manager","team_img":15151,"team_linkedin":"https:\/\/www.linkedin.com\/in\/marjorick-foisy\/"},{"team_name":"Louis-Pierre Charest","team_poste":"Senior Director, Operations and Strategy","team_img":15157,"team_linkedin":"https:\/\/www.linkedin.com\/in\/louis-pierre-charest-7b8330a6\/"},{"team_name":"Elisabeth Gosselin","team_poste":"Director, Incubation and Startup Experience","team_img":16106,"team_linkedin":"https:\/\/www.linkedin.com\/in\/elisabeth-gosselin-mba-b8a6383b\/"},{"team_name":"Julian Lucchesi","team_poste":"Senior Director, Open Innovation and Growth","team_img":15155,"team_linkedin":"https:\/\/www.linkedin.com\/in\/julianlucchesi\/"},{"team_name":"Martin Enault","team_poste":"Senior Director, Expertise Center and Lead, Entrepreneur in Residence","team_img":15159,"team_linkedin":"https:\/\/www.linkedin.com\/in\/martinenault\/"}]},{"acf_fc_layout":"team","block_titre":{"clone_espacement":"","clone_center":true,"clone_ancre":"","clone_uptitle":"","clone_title":"","clone_subtitle":"Centech's Team","clone_description":"","clone_btn_1":"","clone_btn_2":"","afficher_les_angles":false,"couleur_du_bloc":"","couleur_du_bloc_before":"","couleur_du_bloc_after":"","clone_triangle":false,"clone_triangle_2":false,"color_bg":"grey_bg"},"team_repeater":[{"team_name":"Fabienne Adelson","team_poste":"Logistics and Administrative Secretary","team_img":15179,"team_linkedin":""},{"team_name":"Sophie Advielle","team_poste":"Partnerships and Philanthropy Advisor","team_img":15181,"team_linkedin":"https:\/\/www.linkedin.com\/in\/sophie-advielle-878293b2\/"},{"team_name":"Rossana Alfaro Rom\u00e1n","team_poste":"Advisor - Propulsion Program","team_img":15163,"team_linkedin":"https:\/\/www.linkedin.com\/in\/rossana-alfaro-rom%C3%A1n-1a8775123\/"},{"team_name":"Simon Beaudry","team_poste":"Open Innovation Advisor","team_img":15934,"team_linkedin":"https:\/\/www.linkedin.com\/in\/simon-beaudry-94309b175\/"},{"team_name":"Marilou Bibeau","team_poste":"Logistics and Administrative Secretary","team_img":16102,"team_linkedin":"https:\/\/www.linkedin.com\/in\/marilou-bibeau-808a05164\/"},{"team_name":"Maria Bilash","team_poste":"Open Innovation Advisor","team_img":15193,"team_linkedin":"https:\/\/www.linkedin.com\/in\/maria-bilash-86a4a21b\/"},{"team_name":"David Brassard-Potvin","team_poste":"Programs and Special Projects Advisor","team_img":15171,"team_linkedin":"https:\/\/www.linkedin.com\/in\/david-brassard-potvin\/"},{"team_name":"Lucas Colney","team_poste":"Program Advisor","team_img":15195,"team_linkedin":"https:\/\/www.linkedin.com\/in\/lucas-colney\/"},{"team_name":"Pierre Daligault","team_poste":"Open Innovation Advisor","team_img":15197,"team_linkedin":"https:\/\/www.linkedin.com\/in\/pierredaligault\/"},{"team_name":"Khady Barky Diallo","team_poste":"Accounting Technician","team_img":15189,"team_linkedin":""},{"team_name":"Adam Emond-Desbiens","team_poste":"Advisor - Propulsion Program","team_img":15167,"team_linkedin":"https:\/\/www.linkedin.com\/in\/adamemonddesbiens\/"},{"team_name":"Jocelyne Fortier","team_poste":"Logistics Lead Technician","team_img":15175,"team_linkedin":"https:\/\/www.linkedin.com\/in\/jocelyne-fortier-1a4a601b3\/"},{"team_name":"Chan Nary Hout","team_poste":"Graphic Arts Technician","team_img":16092,"team_linkedin":"https:\/\/www.linkedin.com\/in\/chanhout\/"},{"team_name":"G\u00e9raldine Lejeune","team_poste":"Communications Advisor","team_img":16086,"team_linkedin":"https:\/\/www.linkedin.com\/in\/geraldinelejeune\/"},{"team_name":"M\u00e9lissa-Audrey Magloire","team_poste":"Executive Secretary","team_img":16094,"team_linkedin":"https:\/\/www.linkedin.com\/in\/melissa-audrey-magloire-20667416b\/"},{"team_name":"Nathalie Martin","team_poste":"Technician, Programs","team_img":15161,"team_linkedin":"https:\/\/www.linkedin.com\/in\/nathalie-martin-2bab1298\/"},{"team_name":"Estelle Mendy","team_poste":"Communications Advisor","team_img":15187,"team_linkedin":"https:\/\/www.linkedin.com\/in\/estellemendy\/"},{"team_name":"Karina Riviello","team_poste":"Program Advisor","team_img":15173,"team_linkedin":"https:\/\/www.linkedin.com\/in\/karina-riviello\/"},{"team_name":"Rapha\u00eblle St-Pierre","team_poste":"Advisor, Propulsion Program","team_img":15165,"team_linkedin":"https:\/\/www.linkedin.com\/in\/raphaelle-st-pierre-735a19163\/"},{"team_name":"Olivier Thomas","team_poste":"Collision Lab Manager, Open Innovation","team_img":15191,"team_linkedin":"https:\/\/www.linkedin.com\/in\/olivier-thomas-15539018\/"}]},{"acf_fc_layout":"team","block_titre":{"clone_espacement":"","clone_center":true,"clone_ancre":"board-members","clone_uptitle":"","clone_title":"Board Members","clone_subtitle":"","clone_description":"<div style=\"height: 0; overflow: hidden;\"><a href=\"https:\/\/centech.co\/en\/experts-community\/\">Experts Community<\/a>\r\n<a href=\"https:\/\/centech.co\/programmes-corporatifs\/\">Programmes corporatifs - Centech<\/a><\/div>","clone_btn_1":"","clone_btn_2":"","afficher_les_angles":false,"couleur_du_bloc":"","couleur_du_bloc_before":"","couleur_du_bloc_after":"","clone_triangle":false,"clone_triangle_2":false,"color_bg":"grey_bg"},"team_repeater":[{"team_name":"\u00c9laine-Annie B\u00e9dard","team_poste":"Director of Finance, \u00c9TS, Treasurer of the Board","team_img":13764,"team_linkedin":""},{"team_name":"David Bernardi","team_poste":"Company administrator","team_img":15298,"team_linkedin":""},{"team_name":"Louis Brun","team_poste":" Chief Executive Officer, Sollum technologies","team_img":15200,"team_linkedin":""},{"team_name":" Albert De Luca","team_poste":"Advisor\/Board Member and Retired Partner at Deloitte","team_img":15204,"team_linkedin":""},{"team_name":"Alain Denis","team_poste":"Strategic Business Advisor","team_img":15207,"team_linkedin":""},{"team_name":"Sophie Forest","team_poste":"Managing Partner, Brightspark","team_img":1011,"team_linkedin":""},{"team_name":"Marie-H\u00e9l\u00e8ne Nolet","team_poste":"Company administrator ","team_img":15210,"team_linkedin":""}]}]},"yoast_head":"<!-- This site is optimized with the Yoast SEO plugin v27.4 - https:\/\/yoast.com\/product\/yoast-seo-wordpress\/ -->\n<title>About us - Centech<\/title>\n<meta name=\"description\" content=\"Centech helps high-potential tech startups thrive, from idea to commercialization. Tap into our passionate ecosystem and world-class innovation resources.\" \/>\n<meta name=\"robots\" content=\"index, follow, max-snippet:-1, max-image-preview:large, max-video-preview:-1\" \/>\n<link rel=\"canonical\" href=\"https:\/\/centech.co\/en\/about-us\/\" \/>\n<meta property=\"og:locale\" content=\"en_US\" \/>\n<meta property=\"og:type\" content=\"article\" \/>\n<meta property=\"og:title\" content=\"About us - Centech\" \/>\n<meta property=\"og:description\" content=\"Centech helps high-potential tech startups thrive, from idea to commercialization. Tap into our passionate ecosystem and world-class innovation resources.\" \/>\n<meta property=\"og:url\" content=\"https:\/\/centech.co\/en\/about-us\/\" \/>\n<meta property=\"og:site_name\" content=\"Centech\" \/>\n<meta property=\"article:publisher\" content=\"https:\/\/www.facebook.com\/CentechMtl\" \/>\n<meta property=\"article:modified_time\" content=\"2026-03-20T15:50:26+00:00\" \/>\n<meta property=\"og:image\" content=\"https:\/\/centech.co\/wp-content\/uploads\/2022\/07\/Centech-5-1024x689.png\" \/>\n\t<meta property=\"og:image:width\" content=\"1024\" \/>\n\t<meta property=\"og:image:height\" content=\"689\" \/>\n\t<meta property=\"og:image:type\" content=\"image\/png\" \/>\n<meta name=\"twitter:card\" content=\"summary_large_image\" \/>\n<meta name=\"twitter:site\" content=\"@centechmtl\" \/>\n<meta name=\"twitter:label1\" content=\"Est. reading time\" \/>\n\t<meta name=\"twitter:data1\" content=\"13 minutes\" \/>\n<script type=\"application\/ld+json\" class=\"yoast-schema-graph\">{\"@context\":\"https:\\\/\\\/schema.org\",\"@graph\":[{\"@type\":\"WebPage\",\"@id\":\"https:\\\/\\\/centech.co\\\/en\\\/about-us\\\/\",\"url\":\"https:\\\/\\\/centech.co\\\/en\\\/about-us\\\/\",\"name\":\"About us - Centech\",\"isPartOf\":{\"@id\":\"https:\\\/\\\/centech.co\\\/en\\\/#website\"},\"primaryImageOfPage\":{\"@id\":\"https:\\\/\\\/centech.co\\\/en\\\/about-us\\\/#primaryimage\"},\"image\":{\"@id\":\"https:\\\/\\\/centech.co\\\/en\\\/about-us\\\/#primaryimage\"},\"thumbnailUrl\":\"https:\\\/\\\/centech.co\\\/wp-content\\\/uploads\\\/2022\\\/07\\\/Centech-5.png\",\"datePublished\":\"2022-06-29T14:11:39+00:00\",\"dateModified\":\"2026-03-20T15:50:26+00:00\",\"description\":\"Centech helps high-potential tech startups thrive, from idea to commercialization. Tap into our passionate ecosystem and world-class innovation resources.\",\"breadcrumb\":{\"@id\":\"https:\\\/\\\/centech.co\\\/en\\\/about-us\\\/#breadcrumb\"},\"inLanguage\":\"en-CA\",\"potentialAction\":[{\"@type\":\"ReadAction\",\"target\":[\"https:\\\/\\\/centech.co\\\/en\\\/about-us\\\/\"]}]},{\"@type\":\"ImageObject\",\"inLanguage\":\"en-CA\",\"@id\":\"https:\\\/\\\/centech.co\\\/en\\\/about-us\\\/#primaryimage\",\"url\":\"https:\\\/\\\/centech.co\\\/wp-content\\\/uploads\\\/2022\\\/07\\\/Centech-5.png\",\"contentUrl\":\"https:\\\/\\\/centech.co\\\/wp-content\\\/uploads\\\/2022\\\/07\\\/Centech-5.png\",\"width\":1920,\"height\":1292,\"caption\":\"Fa\u00e7ade du Centech ancien plan\u00e9tarium\"},{\"@type\":\"BreadcrumbList\",\"@id\":\"https:\\\/\\\/centech.co\\\/en\\\/about-us\\\/#breadcrumb\",\"itemListElement\":[{\"@type\":\"ListItem\",\"position\":1,\"name\":\"Home\",\"item\":\"https:\\\/\\\/centech.co\\\/en\\\/\"},{\"@type\":\"ListItem\",\"position\":2,\"name\":\"About us\"}]},{\"@type\":\"WebSite\",\"@id\":\"https:\\\/\\\/centech.co\\\/en\\\/#website\",\"url\":\"https:\\\/\\\/centech.co\\\/en\\\/\",\"name\":\"Centech\",\"description\":\"\",\"publisher\":{\"@id\":\"https:\\\/\\\/centech.co\\\/en\\\/#organization\"},\"potentialAction\":[{\"@type\":\"SearchAction\",\"target\":{\"@type\":\"EntryPoint\",\"urlTemplate\":\"https:\\\/\\\/centech.co\\\/en\\\/?s={search_term_string}\"},\"query-input\":{\"@type\":\"PropertyValueSpecification\",\"valueRequired\":true,\"valueName\":\"search_term_string\"}}],\"inLanguage\":\"en-CA\"},{\"@type\":\"Organization\",\"@id\":\"https:\\\/\\\/centech.co\\\/en\\\/#organization\",\"name\":\"Centech\",\"url\":\"https:\\\/\\\/centech.co\\\/en\\\/\",\"logo\":{\"@type\":\"ImageObject\",\"inLanguage\":\"en-CA\",\"@id\":\"https:\\\/\\\/centech.co\\\/en\\\/#\\\/schema\\\/logo\\\/image\\\/\",\"url\":\"https:\\\/\\\/centech.co\\\/wp-content\\\/uploads\\\/2022\\\/09\\\/og.png\",\"contentUrl\":\"https:\\\/\\\/centech.co\\\/wp-content\\\/uploads\\\/2022\\\/09\\\/og.png\",\"width\":2000,\"height\":1600,\"caption\":\"Centech\"},\"image\":{\"@id\":\"https:\\\/\\\/centech.co\\\/en\\\/#\\\/schema\\\/logo\\\/image\\\/\"},\"sameAs\":[\"https:\\\/\\\/www.facebook.com\\\/CentechMtl\",\"https:\\\/\\\/x.com\\\/centechmtl\",\"https:\\\/\\\/www.linkedin.com\\\/company\\\/centech-mtl\\\/\",\"https:\\\/\\\/www.instagram.com\\\/centechmtl\\\/\"]}]}<\/script>\n<!-- \/ Yoast SEO plugin. -->","yoast_head_json":{"title":"About us - Centech","description":"Centech helps high-potential tech startups thrive, from idea to commercialization. Tap into our passionate ecosystem and world-class innovation resources.","robots":{"index":"index","follow":"follow","max-snippet":"max-snippet:-1","max-image-preview":"max-image-preview:large","max-video-preview":"max-video-preview:-1"},"canonical":"https:\/\/centech.co\/en\/about-us\/","og_locale":"en_US","og_type":"article","og_title":"About us - Centech","og_description":"Centech helps high-potential tech startups thrive, from idea to commercialization. Tap into our passionate ecosystem and world-class innovation resources.","og_url":"https:\/\/centech.co\/en\/about-us\/","og_site_name":"Centech","article_publisher":"https:\/\/www.facebook.com\/CentechMtl","article_modified_time":"2026-03-20T15:50:26+00:00","og_image":[{"width":1024,"height":689,"url":"https:\/\/centech.co\/wp-content\/uploads\/2022\/07\/Centech-5-1024x689.png","type":"image\/png"}],"twitter_card":"summary_large_image","twitter_site":"@centechmtl","twitter_misc":{"Est. reading time":"13 minutes"},"schema":{"@context":"https:\/\/schema.org","@graph":[{"@type":"WebPage","@id":"https:\/\/centech.co\/en\/about-us\/","url":"https:\/\/centech.co\/en\/about-us\/","name":"About us - Centech","isPartOf":{"@id":"https:\/\/centech.co\/en\/#website"},"primaryImageOfPage":{"@id":"https:\/\/centech.co\/en\/about-us\/#primaryimage"},"image":{"@id":"https:\/\/centech.co\/en\/about-us\/#primaryimage"},"thumbnailUrl":"https:\/\/centech.co\/wp-content\/uploads\/2022\/07\/Centech-5.png","datePublished":"2022-06-29T14:11:39+00:00","dateModified":"2026-03-20T15:50:26+00:00","description":"Centech helps high-potential tech startups thrive, from idea to commercialization. Tap into our passionate ecosystem and world-class innovation resources.","breadcrumb":{"@id":"https:\/\/centech.co\/en\/about-us\/#breadcrumb"},"inLanguage":"en-CA","potentialAction":[{"@type":"ReadAction","target":["https:\/\/centech.co\/en\/about-us\/"]}]},{"@type":"ImageObject","inLanguage":"en-CA","@id":"https:\/\/centech.co\/en\/about-us\/#primaryimage","url":"https:\/\/centech.co\/wp-content\/uploads\/2022\/07\/Centech-5.png","contentUrl":"https:\/\/centech.co\/wp-content\/uploads\/2022\/07\/Centech-5.png","width":1920,"height":1292,"caption":"Fa\u00e7ade du Centech ancien plan\u00e9tarium"},{"@type":"BreadcrumbList","@id":"https:\/\/centech.co\/en\/about-us\/#breadcrumb","itemListElement":[{"@type":"ListItem","position":1,"name":"Home","item":"https:\/\/centech.co\/en\/"},{"@type":"ListItem","position":2,"name":"About us"}]},{"@type":"WebSite","@id":"https:\/\/centech.co\/en\/#website","url":"https:\/\/centech.co\/en\/","name":"Centech","description":"","publisher":{"@id":"https:\/\/centech.co\/en\/#organization"},"potentialAction":[{"@type":"SearchAction","target":{"@type":"EntryPoint","urlTemplate":"https:\/\/centech.co\/en\/?s={search_term_string}"},"query-input":{"@type":"PropertyValueSpecification","valueRequired":true,"valueName":"search_term_string"}}],"inLanguage":"en-CA"},{"@type":"Organization","@id":"https:\/\/centech.co\/en\/#organization","name":"Centech","url":"https:\/\/centech.co\/en\/","logo":{"@type":"ImageObject","inLanguage":"en-CA","@id":"https:\/\/centech.co\/en\/#\/schema\/logo\/image\/","url":"https:\/\/centech.co\/wp-content\/uploads\/2022\/09\/og.png","contentUrl":"https:\/\/centech.co\/wp-content\/uploads\/2022\/09\/og.png","width":2000,"height":1600,"caption":"Centech"},"image":{"@id":"https:\/\/centech.co\/en\/#\/schema\/logo\/image\/"},"sameAs":["https:\/\/www.facebook.com\/CentechMtl","https:\/\/x.com\/centechmtl","https:\/\/www.linkedin.com\/company\/centech-mtl\/","https:\/\/www.instagram.com\/centechmtl\/"]}]}},"_links":{"self":[{"href":"https:\/\/centech.co\/en\/wp-json\/wp\/v2\/pages\/2614","targetHints":{"allow":["GET"]}}],"collection":[{"href":"https:\/\/centech.co\/en\/wp-json\/wp\/v2\/pages"}],"about":[{"href":"https:\/\/centech.co\/en\/wp-json\/wp\/v2\/types\/page"}],"author":[{"embeddable":true,"href":"https:\/\/centech.co\/en\/wp-json\/wp\/v2\/users\/22"}],"replies":[{"embeddable":true,"href":"https:\/\/centech.co\/en\/wp-json\/wp\/v2\/comments?post=2614"}],"version-history":[{"count":183,"href":"https:\/\/centech.co\/en\/wp-json\/wp\/v2\/pages\/2614\/revisions"}],"predecessor-version":[{"id":16277,"href":"https:\/\/centech.co\/en\/wp-json\/wp\/v2\/pages\/2614\/revisions\/16277"}],"wp:featuredmedia":[{"embeddable":true,"href":"https:\/\/centech.co\/en\/wp-json\/wp\/v2\/media\/3286"}],"wp:attachment":[{"href":"https:\/\/centech.co\/en\/wp-json\/wp\/v2\/media?parent=2614"}],"curies":[{"name":"wp","href":"https:\/\/api.w.org\/{rel}","templated":true}]}}