{"id":13709,"date":"2024-11-19T10:54:07","date_gmt":"2024-11-19T15:54:07","guid":{"rendered":"https:\/\/centech.co\/?page_id=13709"},"modified":"2026-03-20T11:52:59","modified_gmt":"2026-03-20T15:52:59","slug":"open-innovation-day","status":"publish","type":"page","link":"https:\/\/centech.co\/en\/open-innovation-day\/","title":{"rendered":"Open Innovation Day"},"content":{"rendered":"","protected":false},"excerpt":{"rendered":"","protected":false},"author":22,"featured_media":13628,"parent":0,"menu_order":0,"comment_status":"closed","ping_status":"closed","template":"front-page.php","meta":{"_acf_changed":false,"footnotes":""},"class_list":["post-13709","page","type-page","status-publish","has-post-thumbnail","hentry"],"acf":{"flexible_content":[{"acf_fc_layout":"2cols_image_content","block_titre":{"clone_espacement":"","clone_center":true,"clone_ancre":"","clone_uptitle":"","clone_title":"What is the OID?","clone_subtitle":"The largest open innovation event in Quebec","clone_description":"","clone_btn_1":"","clone_btn_2":"","afficher_les_angles":false,"couleur_du_bloc":"","couleur_du_bloc_before":"","couleur_du_bloc_after":"","clone_triangle":false,"clone_triangle_2":false,"color_bg":"black_bg"},"2cols_repeater":[{"repeater_image_position":"droite","repeater_image":13639,"repeater_title":"","repeater_2":"","repeater_content":"Collaborations between startups and large companies help accelerate innovation while reducing risks, timelines, and budgets. Open innovation means moving forward together\u2014it\u2019s about collaborating to innovate.\r\n\r\n&nbsp;\r\n\r\nSince 2023, the Open Innovation Day (JIO) has been bringing you together every February to explore best practices in open innovation. On the agenda: conferences, keynotes, panels, and workshops to train, inspire, and deepen your expertise. You will also discover innovative solutions from startups and student clubs at \u00c9TS through their dedicated booths. A must-attend event for those shaping the innovation of tomorrow!\r\n\r\n&nbsp;\r\n\r\nThe Open Innovation Day is an event initiated by Centech and its Collision Lab team, an open innovation hub that supports many large companies in their open innovation processes and collaboration with startups.\r\n\r\n&nbsp;\r\n\r\nIt is a unique opportunity to expand your network, bring your ideas to life, and create opportunities. Throughout the day, technology, collaboration, and exchanges will be at the heart of every discussion.","repeater_liste":null,"repeater_liste_hv":"1","repeater_btn_1":"","repeater_btn_2":"","texte_de_la_liste_plus_gros":false}]},{"acf_fc_layout":"content_number","block_titre":{"clone_espacement":["top"],"clone_center":true,"clone_ancre":"","clone_uptitle":"","clone_title":" Open Innovation Day : Key Figures","clone_subtitle":"","clone_description":"","clone_btn_1":"","clone_btn_2":"","afficher_les_angles":false,"couleur_du_bloc":"","couleur_du_bloc_before":"","couleur_du_bloc_after":"","clone_triangle":false,"clone_triangle_2":false,"color_bg":"grey_bg"},"contenu_alternatif_repeater":[{"contenu_alternatif_repeater_before_title":"","contenu_alternatif_repeater_title":3,"contenu_alternatif_repeater_after_title":"","contenu_alternatif_repeater_subtitle":"editions","contenu_alternatif_repeater_content":""},{"contenu_alternatif_repeater_before_title":"","contenu_alternatif_repeater_title":380,"contenu_alternatif_repeater_after_title":"","contenu_alternatif_repeater_subtitle":"participants","contenu_alternatif_repeater_content":""},{"contenu_alternatif_repeater_before_title":"","contenu_alternatif_repeater_title":95,"contenu_alternatif_repeater_after_title":"","contenu_alternatif_repeater_subtitle":"B2B meeting during the mornings","contenu_alternatif_repeater_content":""}]},{"acf_fc_layout":"content_icone","block_titre":{"clone_espacement":"","clone_center":true,"clone_ancre":"","clone_uptitle":"","clone_title":"Why participate?","clone_subtitle":"","clone_description":"","clone_btn_1":"","clone_btn_2":"","afficher_les_angles":false,"couleur_du_bloc":"","couleur_du_bloc_before":"","couleur_du_bloc_after":"","clone_triangle":false,"clone_triangle_2":false,"color_bg":"grey_bg"},"contenu_alternatif_repeater":[{"contenu_alternatif_repeater_icone":13626,"contenu_alternatif_repeater_subtitle":"For large companies","contenu_alternatif_repeater_content":"Whether you are a novice, enthusiast, or expert in open innovation, this event will allow you to discover best practices and deepen your expertise."},{"contenu_alternatif_repeater_icone":13628,"contenu_alternatif_repeater_subtitle":"For startups","contenu_alternatif_repeater_content":"If you want to work with established companies but struggle to make these collaborations happen, come discover best practices and network at this event."}]},{"acf_fc_layout":"team","block_titre":{"clone_espacement":"","clone_center":true,"clone_ancre":"","clone_uptitle":"","clone_title":"The speakers","clone_subtitle":"","clone_description":"","clone_btn_1":"","clone_btn_2":"","afficher_les_angles":false,"couleur_du_bloc":"","couleur_du_bloc_before":"","couleur_du_bloc_after":"","clone_triangle":false,"clone_triangle_2":false,"color_bg":"grey_bg"},"team_repeater":[{"team_name":"Martin Lessard","team_poste":"Managing director - MT Lab","team_img":15836,"team_linkedin":"https:\/\/www.linkedin.com\/in\/zeroseconde\/"},{"team_name":"Marjorick Foisy","team_poste":"General Manager - Centech","team_img":15844,"team_linkedin":"https:\/\/www.linkedin.com\/in\/marjorick-foisy\/"},{"team_name":"Pierre-Luc Gosselin","team_poste":"Director of Business Intelligence - Port du Qu\u00e9bec","team_img":15842,"team_linkedin":"https:\/\/www.linkedin.com\/in\/pierre-luc-gosselin-2889b244\/"},{"team_name":"Aur\u00e9lie Khaldi","team_poste":"Senior Strategy and Innovation Director - Radio Canada","team_img":15959,"team_linkedin":"https:\/\/www.linkedin.com\/in\/aurelie-khaldi\/"}]},{"acf_fc_layout":"team","block_titre":{"clone_espacement":"","clone_center":true,"clone_ancre":"","clone_uptitle":"","clone_title":"","clone_subtitle":"","clone_description":"","clone_btn_1":"","clone_btn_2":"","afficher_les_angles":false,"couleur_du_bloc":"","couleur_du_bloc_before":"","couleur_du_bloc_after":"","clone_triangle":false,"clone_triangle_2":false,"color_bg":"grey_bg"},"team_repeater":[{"team_name":"Luc Sirois","team_poste":"Quebec's Chief Innovator","team_img":13658,"team_linkedin":"https:\/\/www.linkedin.com\/in\/lucsirois\/"},{"team_name":"Richard Ch\u00e9nier","team_poste":"General Manager - Qu\u00e9bec Tech","team_img":13698,"team_linkedin":"https:\/\/www.linkedin.com\/in\/rchenier\/"},{"team_name":"Pierre Gingras","team_poste":"Director of Innovation - Soci\u00e9t\u00e9 de transport de Montr\u00e9al","team_img":13734,"team_linkedin":"https:\/\/www.linkedin.com\/in\/pierre-gingras-a0555953\/"},{"team_name":"Jean-Nicolas Delage","team_poste":"Partner - Osler","team_img":13664,"team_linkedin":"https:\/\/www.linkedin.com\/in\/jeannicolasdelage\/"},{"team_name":"Christelle Rousseau","team_poste":"General Manager - Chambre de Commerce et d'Industrie Fran\u00e7aise au Canada","team_img":13666,"team_linkedin":"https:\/\/www.linkedin.com\/in\/christelle-rousseau\/"}]},{"acf_fc_layout":"team","block_titre":{"clone_espacement":["bottom"],"clone_center":true,"clone_ancre":"","clone_uptitle":"","clone_title":"","clone_subtitle":"","clone_description":"","clone_btn_1":"","clone_btn_2":"","afficher_les_angles":false,"couleur_du_bloc":"","couleur_du_bloc_before":"","couleur_du_bloc_after":"","clone_triangle":false,"clone_triangle_2":false,"color_bg":"grey_bg"},"team_repeater":[{"team_name":"Chris Forrest","team_poste":"Partner - Deloitte","team_img":13668,"team_linkedin":"https:\/\/www.linkedin.com\/in\/chris-forrest-4a63a5b\/"},{"team_name":"Bertrand Nepveu","team_poste":"Managing Partner - Triptyq Capital","team_img":13670,"team_linkedin":"https:\/\/www.linkedin.com\/in\/bertrandnepveu\/"},{"team_name":"Dave Caissy","team_poste":"Founder - Innovation Leaders Club","team_img":13736,"team_linkedin":"https:\/\/www.linkedin.com\/in\/davecaissy\/"},{"team_name":"Andr\u00e9 Lavigne","team_poste":"Results Orchestrator - Andr\u00e9 Lavigne Conseils","team_img":13739,"team_linkedin":"https:\/\/www.linkedin.com\/in\/andrelavigne\/"},{"team_name":"Nicolas Buche ","team_poste":"Business Innovation Manager - Innovation Department - Orano","team_img":14481,"team_linkedin":"https:\/\/www.linkedin.com\/in\/nicolas-buche-38582713\/"},{"team_name":"Bruno Gutierres ","team_poste":"Open Innovation Director","team_img":14488,"team_linkedin":"https:\/\/www.linkedin.com\/in\/bruno-gutierres-1760b654\/"}]},{"acf_fc_layout":"cta_white_bg","cta_white_bg_mobile":false,"block_titre":{"clone_espacement":["top","bottom"],"clone_center":true,"clone_ancre":"","clone_uptitle":"","clone_title":"Don\u2019t miss the next edition on Tuesday, February 3, 2026!","clone_subtitle":"","clone_description":"","clone_btn_1":{"title":"Register now","url":"https:\/\/luma.com\/6uvikalj","target":"_blank"},"clone_btn_2":"","afficher_les_angles":false,"couleur_du_bloc":"","couleur_du_bloc_before":"","couleur_du_bloc_after":"","clone_triangle":false,"clone_triangle_2":false,"color_bg":"grey_bg"}},{"acf_fc_layout":"partners_grid","block_titre":{"clone_espacement":["bottom"],"clone_center":true,"clone_ancre":"","clone_uptitle":"","clone_title":"In collaboration for 2026 edition with","clone_subtitle":"","clone_description":"","clone_btn_1":"","clone_btn_2":"","afficher_les_angles":false,"couleur_du_bloc":"","couleur_du_bloc_before":"","couleur_du_bloc_after":"","clone_triangle":false,"clone_triangle_2":false,"color_bg":"grey_bg"},"partner_repeater":[{"partner_categorie_name":"","partner_categorie_repeater":[{"partner_logo":15851,"partner_link":"https:\/\/mtlab.ca\/en\/"},{"partner_logo":15855,"partner_link":"https:\/\/quebectech.com\/en\/"},{"partner_logo":15881,"partner_link":"https:\/\/www.ey.com\/en_ca"}]}]}]},"yoast_head":"<!-- This site is optimized with the Yoast SEO plugin v27.4 - https:\/\/yoast.com\/product\/yoast-seo-wordpress\/ -->\n<title>Open Innovation Day - Centech<\/title>\n<meta name=\"description\" content=\"Open Innovation Day (OID) is an event organized by Centech and its Collision Lab team. Next edition: February 3, 2026.\" \/>\n<meta name=\"robots\" content=\"index, follow, max-snippet:-1, max-image-preview:large, max-video-preview:-1\" \/>\n<link rel=\"canonical\" href=\"https:\/\/centech.co\/en\/open-innovation-day\/\" \/>\n<meta property=\"og:locale\" content=\"en_US\" \/>\n<meta property=\"og:type\" content=\"article\" \/>\n<meta property=\"og:title\" content=\"Open Innovation Day - Centech\" \/>\n<meta property=\"og:description\" content=\"Open Innovation Day (OID) is an event organized by Centech and its Collision Lab team. Next edition: February 3, 2026.\" \/>\n<meta property=\"og:url\" content=\"https:\/\/centech.co\/en\/open-innovation-day\/\" \/>\n<meta property=\"og:site_name\" content=\"Centech\" \/>\n<meta property=\"article:publisher\" content=\"https:\/\/www.facebook.com\/CentechMtl\" \/>\n<meta property=\"article:modified_time\" content=\"2026-03-20T15:52:59+00:00\" \/>\n<meta property=\"og:image\" content=\"https:\/\/centech.co\/wp-content\/uploads\/2024\/11\/JIO-startups.png\" \/>\n\t<meta property=\"og:image:width\" content=\"480\" \/>\n\t<meta property=\"og:image:height\" content=\"280\" \/>\n\t<meta property=\"og:image:type\" content=\"image\/png\" \/>\n<meta name=\"twitter:card\" content=\"summary_large_image\" \/>\n<meta name=\"twitter:site\" content=\"@centechmtl\" \/>\n<meta name=\"twitter:label1\" content=\"Est. reading time\" \/>\n\t<meta name=\"twitter:data1\" content=\"5 minutes\" \/>\n<script type=\"application\/ld+json\" class=\"yoast-schema-graph\">{\"@context\":\"https:\\\/\\\/schema.org\",\"@graph\":[{\"@type\":\"WebPage\",\"@id\":\"https:\\\/\\\/centech.co\\\/en\\\/open-innovation-day\\\/\",\"url\":\"https:\\\/\\\/centech.co\\\/en\\\/open-innovation-day\\\/\",\"name\":\"Open Innovation Day - Centech\",\"isPartOf\":{\"@id\":\"https:\\\/\\\/centech.co\\\/en\\\/#website\"},\"primaryImageOfPage\":{\"@id\":\"https:\\\/\\\/centech.co\\\/en\\\/open-innovation-day\\\/#primaryimage\"},\"image\":{\"@id\":\"https:\\\/\\\/centech.co\\\/en\\\/open-innovation-day\\\/#primaryimage\"},\"thumbnailUrl\":\"https:\\\/\\\/centech.co\\\/wp-content\\\/uploads\\\/2024\\\/11\\\/JIO-startups.png\",\"datePublished\":\"2024-11-19T15:54:07+00:00\",\"dateModified\":\"2026-03-20T15:52:59+00:00\",\"description\":\"Open Innovation Day (OID) is an event organized by Centech and its Collision Lab team. Next edition: February 3, 2026.\",\"breadcrumb\":{\"@id\":\"https:\\\/\\\/centech.co\\\/en\\\/open-innovation-day\\\/#breadcrumb\"},\"inLanguage\":\"en-CA\",\"potentialAction\":[{\"@type\":\"ReadAction\",\"target\":[\"https:\\\/\\\/centech.co\\\/en\\\/open-innovation-day\\\/\"]}]},{\"@type\":\"ImageObject\",\"inLanguage\":\"en-CA\",\"@id\":\"https:\\\/\\\/centech.co\\\/en\\\/open-innovation-day\\\/#primaryimage\",\"url\":\"https:\\\/\\\/centech.co\\\/wp-content\\\/uploads\\\/2024\\\/11\\\/JIO-startups.png\",\"contentUrl\":\"https:\\\/\\\/centech.co\\\/wp-content\\\/uploads\\\/2024\\\/11\\\/JIO-startups.png\",\"width\":480,\"height\":280},{\"@type\":\"BreadcrumbList\",\"@id\":\"https:\\\/\\\/centech.co\\\/en\\\/open-innovation-day\\\/#breadcrumb\",\"itemListElement\":[{\"@type\":\"ListItem\",\"position\":1,\"name\":\"Home\",\"item\":\"https:\\\/\\\/centech.co\\\/en\\\/\"},{\"@type\":\"ListItem\",\"position\":2,\"name\":\"Open Innovation Day\"}]},{\"@type\":\"WebSite\",\"@id\":\"https:\\\/\\\/centech.co\\\/en\\\/#website\",\"url\":\"https:\\\/\\\/centech.co\\\/en\\\/\",\"name\":\"Centech\",\"description\":\"\",\"publisher\":{\"@id\":\"https:\\\/\\\/centech.co\\\/en\\\/#organization\"},\"potentialAction\":[{\"@type\":\"SearchAction\",\"target\":{\"@type\":\"EntryPoint\",\"urlTemplate\":\"https:\\\/\\\/centech.co\\\/en\\\/?s={search_term_string}\"},\"query-input\":{\"@type\":\"PropertyValueSpecification\",\"valueRequired\":true,\"valueName\":\"search_term_string\"}}],\"inLanguage\":\"en-CA\"},{\"@type\":\"Organization\",\"@id\":\"https:\\\/\\\/centech.co\\\/en\\\/#organization\",\"name\":\"Centech\",\"url\":\"https:\\\/\\\/centech.co\\\/en\\\/\",\"logo\":{\"@type\":\"ImageObject\",\"inLanguage\":\"en-CA\",\"@id\":\"https:\\\/\\\/centech.co\\\/en\\\/#\\\/schema\\\/logo\\\/image\\\/\",\"url\":\"https:\\\/\\\/centech.co\\\/wp-content\\\/uploads\\\/2022\\\/09\\\/og.png\",\"contentUrl\":\"https:\\\/\\\/centech.co\\\/wp-content\\\/uploads\\\/2022\\\/09\\\/og.png\",\"width\":2000,\"height\":1600,\"caption\":\"Centech\"},\"image\":{\"@id\":\"https:\\\/\\\/centech.co\\\/en\\\/#\\\/schema\\\/logo\\\/image\\\/\"},\"sameAs\":[\"https:\\\/\\\/www.facebook.com\\\/CentechMtl\",\"https:\\\/\\\/x.com\\\/centechmtl\",\"https:\\\/\\\/www.linkedin.com\\\/company\\\/centech-mtl\\\/\",\"https:\\\/\\\/www.instagram.com\\\/centechmtl\\\/\"]}]}<\/script>\n<!-- \/ Yoast SEO plugin. -->","yoast_head_json":{"title":"Open Innovation Day - Centech","description":"Open Innovation Day (OID) is an event organized by Centech and its Collision Lab team. Next edition: February 3, 2026.","robots":{"index":"index","follow":"follow","max-snippet":"max-snippet:-1","max-image-preview":"max-image-preview:large","max-video-preview":"max-video-preview:-1"},"canonical":"https:\/\/centech.co\/en\/open-innovation-day\/","og_locale":"en_US","og_type":"article","og_title":"Open Innovation Day - Centech","og_description":"Open Innovation Day (OID) is an event organized by Centech and its Collision Lab team. Next edition: February 3, 2026.","og_url":"https:\/\/centech.co\/en\/open-innovation-day\/","og_site_name":"Centech","article_publisher":"https:\/\/www.facebook.com\/CentechMtl","article_modified_time":"2026-03-20T15:52:59+00:00","og_image":[{"width":480,"height":280,"url":"https:\/\/centech.co\/wp-content\/uploads\/2024\/11\/JIO-startups.png","type":"image\/png"}],"twitter_card":"summary_large_image","twitter_site":"@centechmtl","twitter_misc":{"Est. reading time":"5 minutes"},"schema":{"@context":"https:\/\/schema.org","@graph":[{"@type":"WebPage","@id":"https:\/\/centech.co\/en\/open-innovation-day\/","url":"https:\/\/centech.co\/en\/open-innovation-day\/","name":"Open Innovation Day - Centech","isPartOf":{"@id":"https:\/\/centech.co\/en\/#website"},"primaryImageOfPage":{"@id":"https:\/\/centech.co\/en\/open-innovation-day\/#primaryimage"},"image":{"@id":"https:\/\/centech.co\/en\/open-innovation-day\/#primaryimage"},"thumbnailUrl":"https:\/\/centech.co\/wp-content\/uploads\/2024\/11\/JIO-startups.png","datePublished":"2024-11-19T15:54:07+00:00","dateModified":"2026-03-20T15:52:59+00:00","description":"Open Innovation Day (OID) is an event organized by Centech and its Collision Lab team. Next edition: February 3, 2026.","breadcrumb":{"@id":"https:\/\/centech.co\/en\/open-innovation-day\/#breadcrumb"},"inLanguage":"en-CA","potentialAction":[{"@type":"ReadAction","target":["https:\/\/centech.co\/en\/open-innovation-day\/"]}]},{"@type":"ImageObject","inLanguage":"en-CA","@id":"https:\/\/centech.co\/en\/open-innovation-day\/#primaryimage","url":"https:\/\/centech.co\/wp-content\/uploads\/2024\/11\/JIO-startups.png","contentUrl":"https:\/\/centech.co\/wp-content\/uploads\/2024\/11\/JIO-startups.png","width":480,"height":280},{"@type":"BreadcrumbList","@id":"https:\/\/centech.co\/en\/open-innovation-day\/#breadcrumb","itemListElement":[{"@type":"ListItem","position":1,"name":"Home","item":"https:\/\/centech.co\/en\/"},{"@type":"ListItem","position":2,"name":"Open Innovation Day"}]},{"@type":"WebSite","@id":"https:\/\/centech.co\/en\/#website","url":"https:\/\/centech.co\/en\/","name":"Centech","description":"","publisher":{"@id":"https:\/\/centech.co\/en\/#organization"},"potentialAction":[{"@type":"SearchAction","target":{"@type":"EntryPoint","urlTemplate":"https:\/\/centech.co\/en\/?s={search_term_string}"},"query-input":{"@type":"PropertyValueSpecification","valueRequired":true,"valueName":"search_term_string"}}],"inLanguage":"en-CA"},{"@type":"Organization","@id":"https:\/\/centech.co\/en\/#organization","name":"Centech","url":"https:\/\/centech.co\/en\/","logo":{"@type":"ImageObject","inLanguage":"en-CA","@id":"https:\/\/centech.co\/en\/#\/schema\/logo\/image\/","url":"https:\/\/centech.co\/wp-content\/uploads\/2022\/09\/og.png","contentUrl":"https:\/\/centech.co\/wp-content\/uploads\/2022\/09\/og.png","width":2000,"height":1600,"caption":"Centech"},"image":{"@id":"https:\/\/centech.co\/en\/#\/schema\/logo\/image\/"},"sameAs":["https:\/\/www.facebook.com\/CentechMtl","https:\/\/x.com\/centechmtl","https:\/\/www.linkedin.com\/company\/centech-mtl\/","https:\/\/www.instagram.com\/centechmtl\/"]}]}},"_links":{"self":[{"href":"https:\/\/centech.co\/en\/wp-json\/wp\/v2\/pages\/13709","targetHints":{"allow":["GET"]}}],"collection":[{"href":"https:\/\/centech.co\/en\/wp-json\/wp\/v2\/pages"}],"about":[{"href":"https:\/\/centech.co\/en\/wp-json\/wp\/v2\/types\/page"}],"author":[{"embeddable":true,"href":"https:\/\/centech.co\/en\/wp-json\/wp\/v2\/users\/22"}],"replies":[{"embeddable":true,"href":"https:\/\/centech.co\/en\/wp-json\/wp\/v2\/comments?post=13709"}],"version-history":[{"count":21,"href":"https:\/\/centech.co\/en\/wp-json\/wp\/v2\/pages\/13709\/revisions"}],"predecessor-version":[{"id":15963,"href":"https:\/\/centech.co\/en\/wp-json\/wp\/v2\/pages\/13709\/revisions\/15963"}],"wp:featuredmedia":[{"embeddable":true,"href":"https:\/\/centech.co\/en\/wp-json\/wp\/v2\/media\/13628"}],"wp:attachment":[{"href":"https:\/\/centech.co\/en\/wp-json\/wp\/v2\/media?parent=13709"}],"curies":[{"name":"wp","href":"https:\/\/api.w.org\/{rel}","templated":true}]}}