{"id":12230,"date":"2024-10-07T09:00:00","date_gmt":"2024-10-07T13:00:00","guid":{"rendered":"https:\/\/centech.co\/?page_id=12230"},"modified":"2026-04-06T21:57:04","modified_gmt":"2026-04-07T01:57:04","slug":"call-for-projects","status":"publish","type":"page","link":"https:\/\/centech.co\/en\/call-for-projects\/","title":{"rendered":"Call for projects"},"content":{"rendered":"\n<p><\/p>\n\n\n\n<p><\/p>\n","protected":false},"excerpt":{"rendered":"","protected":false},"author":10,"featured_media":0,"parent":0,"menu_order":0,"comment_status":"closed","ping_status":"closed","template":"","meta":{"_acf_changed":false,"footnotes":""},"class_list":["post-12230","page","type-page","status-publish","hentry"],"acf":{"flexible_content":{"1":{"acf_fc_layout":"hero_logo_et_image","hero_custom_left_content":"<div class=\"gap_top\">\r\n<div class=\"safran_content_margin\">\r\n<h2 class=\"white left gap_small_bottom\">Accelerate Your Startup<\/h2>\r\n<p class=\"white left\">You have until <strong>June, 1st, 9:00 AM<\/strong> to submit your project and maximize your chances of joining the next Acceleration cohort of Centech.<\/p>\r\n\r\n<\/div>\r\n<\/div>","hero_custom_bg_color":"#1f1f40","hero_custom_left_content_btn":{"title":"Submit your project for the next cohort","url":"#inscription","target":""},"hero_custom_right_img":15510,"hero_custom_right_logo_1":"","hero_custom_right_logo_2":""},"2":{"acf_fc_layout":"2cols_image_content","block_titre":{"clone_espacement":["top"],"clone_center":false,"clone_ancre":"","clone_uptitle":"","clone_title":"Centech: Where Tech Innovation Takes Off ","clone_subtitle":"","clone_description":"<em>** You need to understand French to take part in this program. The content will be given in French. Your questions and your pitch can be done in English, if prefered.<\/em>","clone_btn_1":"","clone_btn_2":"","afficher_les_angles":false,"couleur_du_bloc":"","couleur_du_bloc_before":"","couleur_du_bloc_after":"","clone_triangle":false,"clone_triangle_2":false,"color_bg":"black_bg"},"2cols_repeater":[{"repeater_image_position":"droite","repeater_image":15545,"repeater_title":"","repeater_2":"","repeater_content":"<h4>Discover our ecosystem that drives innovation and tech entrepreneurship in science and engineering.<\/h4>\r\n<h4><\/h4>\r\n<h4>Our program is open to everyone. We support early-stage companies from concept to commercialization.<\/h4>","repeater_liste":null,"repeater_liste_hv":"1","repeater_btn_1":"","repeater_btn_2":"","texte_de_la_liste_plus_gros":false}]},"3":{"acf_fc_layout":"content_number","block_titre":{"clone_espacement":"","clone_center":false,"clone_ancre":"","clone_uptitle":"","clone_title":"Centech : Key Figures","clone_subtitle":"","clone_description":"","clone_btn_1":"","clone_btn_2":"","afficher_les_angles":false,"couleur_du_bloc":"","couleur_du_bloc_before":"","couleur_du_bloc_after":"","clone_triangle":false,"clone_triangle_2":false,"color_bg":"black_bg"},"contenu_alternatif_repeater":[{"contenu_alternatif_repeater_before_title":"","contenu_alternatif_repeater_title":70,"contenu_alternatif_repeater_after_title":"+","contenu_alternatif_repeater_subtitle":"","contenu_alternatif_repeater_content":"<span class=\"NormalTextRun SCXW72149940 BCX8\"><span class=\"NormalTextRun SCXW79057815 BCX8\">E<\/span><span class=\"NormalTextRun SCXW79057815 BCX8\">ntrepreneurs in <\/span><span class=\"NormalTextRun SpellingErrorV2Themed SCXW79057815 BCX8\">residence<\/span><span class=\"NormalTextRun SCXW79057815 BCX8\"> to support<\/span> <span class=\"NormalTextRun SpellingErrorV2Themed SCXW79057815 BCX8\">yo<\/span><span class=\"NormalTextRun SpellingErrorV2Themed SCXW79057815 BCX8\">u<\/span><\/span>"},{"contenu_alternatif_repeater_before_title":"","contenu_alternatif_repeater_title":1500,"contenu_alternatif_repeater_after_title":"+","contenu_alternatif_repeater_subtitle":"","contenu_alternatif_repeater_content":"Jobs created by our companies since 2019"},{"contenu_alternatif_repeater_before_title":"","contenu_alternatif_repeater_title":709,"contenu_alternatif_repeater_after_title":"M","contenu_alternatif_repeater_subtitle":"","contenu_alternatif_repeater_content":"Capital raised by our startups since 2019"},{"contenu_alternatif_repeater_before_title":"","contenu_alternatif_repeater_title":100,"contenu_alternatif_repeater_after_title":"+","contenu_alternatif_repeater_subtitle":"","contenu_alternatif_repeater_content":"Companies supported per year"},{"contenu_alternatif_repeater_before_title":"","contenu_alternatif_repeater_title":30,"contenu_alternatif_repeater_after_title":"","contenu_alternatif_repeater_subtitle":"","contenu_alternatif_repeater_content":"Years of experience in technology startups"},{"contenu_alternatif_repeater_before_title":"","contenu_alternatif_repeater_title":199,"contenu_alternatif_repeater_after_title":"","contenu_alternatif_repeater_subtitle":"","contenu_alternatif_repeater_content":"Patents granted to our companies since 2019"}]},"4":{"acf_fc_layout":"accordeon","block_titre":{"clone_espacement":["bottom"],"clone_center":false,"clone_ancre":"","clone_uptitle":"","clone_title":"Our Key Sectors ","clone_subtitle":"","clone_description":"","clone_btn_1":"","clone_btn_2":"","afficher_les_angles":false,"couleur_du_bloc":"","couleur_du_bloc_before":"","couleur_du_bloc_after":"","clone_triangle":false,"clone_triangle_2":false,"color_bg":"grey_bg"},"accordion":[{"accordion_title":"Aerospace, Drones, Transportation & Logistics ","accordion_content":"Your project aims to revolutionize transportation, logistics, or aerospace with innovative tech solutions for more efficient and sustainable mobility."},{"accordion_title":"Agriculture & Agri-Food","accordion_content":"Your project contribute to soil quality, optimizes food production, harvesting, and processing through innovative technology."},{"accordion_title":"Automation, Smart Machines, Electronics, Photonics and Industry 4.0 ","accordion_content":"Your project focuses on automating industrial processes, developing intelligent machines, or leveraging electronic and photonic technologies for Industry 4.0."},{"accordion_title":"Biotech & Green Technologies ","accordion_content":"Your project contributes to biotechnology or green technology, helping protect environment and improve health through sustainable innovations."},{"accordion_title":"Construction, Infrastructure & Asset Management","accordion_content":"Your project modernizes construction, infrastructure, or asset management by using technology to boost efficiency and durability."},{"accordion_title":"Digitalization, Cybersecurity & Quantum Technology ","accordion_content":"Your project contributes to secure the digital world, to explore quantum technology, or to accelerate digital transformation with innovative solutions."},{"accordion_title":"Education & Training","accordion_content":"Your project contributes to create education and training by using technology to personalize learning and prepare the next generation of professionals."},{"accordion_title":"Energy, Smart Grids & Telecommunications ","accordion_content":"Your project advances the energy transition, optimizes smart grids, or enhances telecommunications through advanced technology solutions."},{"accordion_title":"Medtech & Digital Health ","accordion_content":"Your project contributes to the medtech and digital health sectors by offering innovative solutions for well-being and healthcare."}]},"5":{"acf_fc_layout":"white_board_cols","block_titre":{"clone_espacement":["bottom"],"clone_center":false,"clone_ancre":"acceleration","clone_uptitle":"","clone_title":"Acceleration Program ","clone_subtitle":"","clone_description":"It provides free and personalized support, as well as an exclusive access to workshops, tools and key resources, and to an ecosystem of innovation partners.","clone_btn_1":"","clone_btn_2":"","afficher_les_angles":false,"couleur_du_bloc":"","couleur_du_bloc_before":"","couleur_du_bloc_after":"","clone_triangle":false,"clone_triangle_2":false,"color_bg":"black_bg"},"title_before":"3 Program Objectives","wysiwyg_before":"","white_bg_repeater":[{"white_bg_repeater_item":[{"white_bg_repeater_item_title":"Validation of your tech project\u2019s potential and specifying the product to be commercialized ","white_bg_repeater_item":""}]},{"white_bg_repeater_item":[{"white_bg_repeater_item_title":"Choosing the right business model to conquer the target market and achieve your growth objectives ","white_bg_repeater_item":""}]},{"white_bg_repeater_item":[{"white_bg_repeater_item_title":"Strengthening your team and building the organizational foundations of your future business ","white_bg_repeater_item":""}]}],"title_after":"","wysiwyg_after":"","bouton_1":"","bouton_2":""},"6":{"acf_fc_layout":"story_success","block_titre":{"clone_espacement":"","clone_center":true,"clone_ancre":"","clone_uptitle":"","clone_title":"Testimonials ","clone_subtitle":"","clone_description":"","clone_btn_1":"","clone_btn_2":"","afficher_les_angles":false,"couleur_du_bloc":"","couleur_du_bloc_before":"","couleur_du_bloc_after":"","clone_triangle":false,"clone_triangle_2":false,"color_bg":"grey_bg"},"succes_repeater":[{"succes_image":14791,"succes_description":"\u00ab Centech\u2019s Acceleration program was a valuable opportunity for Teameo. The mentorship and specialized workshops were invaluable for our company development.\r\n\r\nThis experience helped me strengthen my skills as an entrepreneur and build meaningful connections with other professionals in the industry. \u00bb","succes_title":"Sarah Seddiki, Team\u00e9o","succes_subtitle":"Acc\u00e9l\u00e9ration Automne 2021","bouton":""},{"succes_image":13156,"succes_description":"\u00ab Being part of Centech\u2019s Acceleration program was a truly transformative experience for Nanofacile. The program constantly pushes you out of your comfort zone, helping you discover potential you didn\u2019t even know you had. This environment accelerates not just your business but also your personal growth. The mix of entrepreneurs-in-residence and peer support creates a dynamic ecosystem of continuous learning and innovation. This collaborative atmosphere was key in pushing us to improve and reach new heights. \u00bb","succes_title":"Ruben Lopez, Nanofacile","succes_subtitle":"Acc\u00e9l\u00e9ration Automne 2023","bouton":""},{"succes_image":13152,"succes_description":"\u00ab Acceleration Program was a launchpad for PolarPulse, helping me better define and articulate my company\u2019s vision.\r\n\r\nGuided by experienced mentors, I took concrete, measurable actions such as reaching out directly to potential customers and developing a solid business model. \u00bb","succes_title":"Andrei Ciohodaru, PolarPulse","succes_subtitle":"Acc\u00e9l\u00e9ration Hiver 2024","bouton":""}]},"7":{"acf_fc_layout":"timelines","block_titre":{"clone_espacement":"","clone_center":false,"clone_ancre":"","clone_uptitle":"","clone_title":"Application and Selection Process ","clone_subtitle":"","clone_description":"","clone_btn_1":"","clone_btn_2":"","afficher_les_angles":false,"couleur_du_bloc":"","couleur_du_bloc_before":"","couleur_du_bloc_after":"","clone_triangle":false,"clone_triangle_2":false,"color_bg":"black_bg"},"timelines_repeater":[{"timeline_title":"1 - Initial Application","timeline_subtitle":"","timeline_description":"Use the form at the bottom of this page to start your project application. "},{"timeline_title":"2 - Pre-Selection","timeline_subtitle":"","timeline_description":"Projects are evaluated based on feasibility and commercialization potential, integration of technological advancements and\/or patentable innovation, Integration of technological advancements and\/or patentable innovation, alignment with our key sectors   "},{"timeline_title":"3 - Interview","timeline_subtitle":"","timeline_description":"A 15-minute individual interview to have a better understanding of your vision and project. "}]},"8":{"acf_fc_layout":"contenu_alternatif","block_titre":{"clone_espacement":"","clone_center":true,"clone_ancre":"","clone_uptitle":"","clone_title":"","clone_subtitle":"","clone_description":"Selected companies will be invited to join us.\r\n\r\n&nbsp;\r\n<h3>Next call for projects :<\/h3>\r\n<h3><strong>April, 7, 9:00 AM<\/strong><\/h3>","clone_btn_1":"","clone_btn_2":"","afficher_les_angles":false,"couleur_du_bloc":"","couleur_du_bloc_before":"","couleur_du_bloc_after":"","clone_triangle":false,"clone_triangle_2":false,"color_bg":"black_bg"},"contenu_alternatif_repeater":null},"9":{"acf_fc_layout":"content_icone_card","block_titre":{"clone_espacement":["bottom"],"clone_center":false,"clone_ancre":"","clone_uptitle":"","clone_title":"Important Information Before Application","clone_subtitle":"","clone_description":"","clone_btn_1":"","clone_btn_2":"","afficher_les_angles":false,"couleur_du_bloc":"","couleur_du_bloc_before":"","couleur_du_bloc_after":"","clone_triangle":true,"clone_triangle_2":true,"color_bg":"grey_bg"},"contenu_alternatif_repeater":[{"contenu_alternatif_repeater_icone":10166,"contenu_alternatif_repeater_subtitle":"Commitments","contenu_alternatif_repeater_content":"Joining the Acceleration program requires a strong commitment to maximize your success."},{"contenu_alternatif_repeater_icone":10132,"contenu_alternatif_repeater_subtitle":"Free Program ","contenu_alternatif_repeater_content":"Open to active entrepreneurs (companies under 3 years old), engineers in the workforce, recent graduates, and individuals with a tech business idea."},{"contenu_alternatif_repeater_icone":10126,"contenu_alternatif_repeater_subtitle":"11 Weeks In-Person in Montreal ","contenu_alternatif_repeater_content":"The program starts from February, 3 and requiring 25 hours per week of mandatory attendance (at least one team member at each workshop)."},{"contenu_alternatif_repeater_icone":10129,"contenu_alternatif_repeater_subtitle":"100% in French ","contenu_alternatif_repeater_content":"Workshops are in French, but you may ask questions in English if needed."}],"2_cols_hack":true},"10":{"acf_fc_layout":"cta_white_bg","cta_white_bg_mobile":true,"block_titre":{"clone_espacement":["top"],"clone_center":true,"clone_ancre":"inscription","clone_uptitle":"","clone_title":"Submit your interest for the next cohort","clone_subtitle":"","clone_description":"<iframe class=\"airtable-embed\" src=\"https:\/\/airtable.com\/embed\/app3ZZjm0Qq9RuTNr\/shrHjehNNOf93LQMK\" frameborder=\"0\" onmousewheel=\"\" width=\"100%\" height=\"533\" style=\"background: transparent; border: 1px solid #ccc;\"><\/iframe>","clone_btn_1":"","clone_btn_2":"","afficher_les_angles":false,"couleur_du_bloc":"","couleur_du_bloc_before":"","couleur_du_bloc_after":"","clone_triangle":false,"clone_triangle_2":false,"color_bg":"black_bg"}}}},"yoast_head":"<!-- This site is optimized with the Yoast SEO plugin v27.5 - https:\/\/yoast.com\/product\/yoast-seo-wordpress\/ -->\n<title>Call for projects - Centech<\/title>\n<meta name=\"description\" content=\"Call for projects for the next cohort is open, for 11 weeks.\" \/>\n<meta name=\"robots\" content=\"index, follow, max-snippet:-1, max-image-preview:large, max-video-preview:-1\" \/>\n<link rel=\"canonical\" href=\"https:\/\/centech.co\/en\/call-for-projects\/\" \/>\n<meta property=\"og:locale\" content=\"en_US\" \/>\n<meta property=\"og:type\" content=\"article\" \/>\n<meta property=\"og:title\" content=\"Call for projects | Acc\u00e9l\u00e9ration Program\" \/>\n<meta property=\"og:description\" content=\"Submit your project and maximize your chances of joining the next Acceleration cohort of Centech.\" \/>\n<meta property=\"og:url\" content=\"https:\/\/centech.co\/en\/call-for-projects\/\" \/>\n<meta property=\"og:site_name\" content=\"Centech\" \/>\n<meta property=\"article:publisher\" content=\"https:\/\/www.facebook.com\/CentechMtl\" \/>\n<meta property=\"article:modified_time\" content=\"2026-04-07T01:57:04+00:00\" \/>\n<meta property=\"og:image\" content=\"https:\/\/centech.co\/wp-content\/uploads\/2022\/09\/og.png\" \/>\n\t<meta property=\"og:image:width\" content=\"2000\" \/>\n\t<meta property=\"og:image:height\" content=\"1600\" \/>\n\t<meta property=\"og:image:type\" content=\"image\/png\" \/>\n<meta name=\"twitter:card\" content=\"summary_large_image\" \/>\n<meta name=\"twitter:site\" content=\"@centechmtl\" \/>\n<meta name=\"twitter:label1\" content=\"Est. reading time\" \/>\n\t<meta name=\"twitter:data1\" content=\"6 minutes\" \/>\n<script type=\"application\/ld+json\" class=\"yoast-schema-graph\">{\"@context\":\"https:\\\/\\\/schema.org\",\"@graph\":[{\"@type\":\"WebPage\",\"@id\":\"https:\\\/\\\/centech.co\\\/en\\\/call-for-projects\\\/\",\"url\":\"https:\\\/\\\/centech.co\\\/en\\\/call-for-projects\\\/\",\"name\":\"Call for projects - Centech\",\"isPartOf\":{\"@id\":\"https:\\\/\\\/centech.co\\\/en\\\/#website\"},\"datePublished\":\"2024-10-07T13:00:00+00:00\",\"dateModified\":\"2026-04-07T01:57:04+00:00\",\"description\":\"Call for projects for the next cohort is open, for 11 weeks.\",\"breadcrumb\":{\"@id\":\"https:\\\/\\\/centech.co\\\/en\\\/call-for-projects\\\/#breadcrumb\"},\"inLanguage\":\"en-CA\",\"potentialAction\":[{\"@type\":\"ReadAction\",\"target\":[\"https:\\\/\\\/centech.co\\\/en\\\/call-for-projects\\\/\"]}]},{\"@type\":\"BreadcrumbList\",\"@id\":\"https:\\\/\\\/centech.co\\\/en\\\/call-for-projects\\\/#breadcrumb\",\"itemListElement\":[{\"@type\":\"ListItem\",\"position\":1,\"name\":\"Home\",\"item\":\"https:\\\/\\\/centech.co\\\/en\\\/\"},{\"@type\":\"ListItem\",\"position\":2,\"name\":\"Call for projects\"}]},{\"@type\":\"WebSite\",\"@id\":\"https:\\\/\\\/centech.co\\\/en\\\/#website\",\"url\":\"https:\\\/\\\/centech.co\\\/en\\\/\",\"name\":\"Centech\",\"description\":\"\",\"publisher\":{\"@id\":\"https:\\\/\\\/centech.co\\\/en\\\/#organization\"},\"potentialAction\":[{\"@type\":\"SearchAction\",\"target\":{\"@type\":\"EntryPoint\",\"urlTemplate\":\"https:\\\/\\\/centech.co\\\/en\\\/?s={search_term_string}\"},\"query-input\":{\"@type\":\"PropertyValueSpecification\",\"valueRequired\":true,\"valueName\":\"search_term_string\"}}],\"inLanguage\":\"en-CA\"},{\"@type\":\"Organization\",\"@id\":\"https:\\\/\\\/centech.co\\\/en\\\/#organization\",\"name\":\"Centech\",\"url\":\"https:\\\/\\\/centech.co\\\/en\\\/\",\"logo\":{\"@type\":\"ImageObject\",\"inLanguage\":\"en-CA\",\"@id\":\"https:\\\/\\\/centech.co\\\/en\\\/#\\\/schema\\\/logo\\\/image\\\/\",\"url\":\"https:\\\/\\\/centech.co\\\/wp-content\\\/uploads\\\/2022\\\/09\\\/og.png\",\"contentUrl\":\"https:\\\/\\\/centech.co\\\/wp-content\\\/uploads\\\/2022\\\/09\\\/og.png\",\"width\":2000,\"height\":1600,\"caption\":\"Centech\"},\"image\":{\"@id\":\"https:\\\/\\\/centech.co\\\/en\\\/#\\\/schema\\\/logo\\\/image\\\/\"},\"sameAs\":[\"https:\\\/\\\/www.facebook.com\\\/CentechMtl\",\"https:\\\/\\\/x.com\\\/centechmtl\",\"https:\\\/\\\/www.linkedin.com\\\/company\\\/centech-mtl\\\/\",\"https:\\\/\\\/www.instagram.com\\\/centechmtl\\\/\"]}]}<\/script>\n<!-- \/ Yoast SEO plugin. -->","yoast_head_json":{"title":"Call for projects - Centech","description":"Call for projects for the next cohort is open, for 11 weeks.","robots":{"index":"index","follow":"follow","max-snippet":"max-snippet:-1","max-image-preview":"max-image-preview:large","max-video-preview":"max-video-preview:-1"},"canonical":"https:\/\/centech.co\/en\/call-for-projects\/","og_locale":"en_US","og_type":"article","og_title":"Call for projects | Acc\u00e9l\u00e9ration Program","og_description":"Submit your project and maximize your chances of joining the next Acceleration cohort of Centech.","og_url":"https:\/\/centech.co\/en\/call-for-projects\/","og_site_name":"Centech","article_publisher":"https:\/\/www.facebook.com\/CentechMtl","article_modified_time":"2026-04-07T01:57:04+00:00","og_image":[{"width":2000,"height":1600,"url":"https:\/\/centech.co\/wp-content\/uploads\/2022\/09\/og.png","type":"image\/png"}],"twitter_card":"summary_large_image","twitter_site":"@centechmtl","twitter_misc":{"Est. reading time":"6 minutes"},"schema":{"@context":"https:\/\/schema.org","@graph":[{"@type":"WebPage","@id":"https:\/\/centech.co\/en\/call-for-projects\/","url":"https:\/\/centech.co\/en\/call-for-projects\/","name":"Call for projects - Centech","isPartOf":{"@id":"https:\/\/centech.co\/en\/#website"},"datePublished":"2024-10-07T13:00:00+00:00","dateModified":"2026-04-07T01:57:04+00:00","description":"Call for projects for the next cohort is open, for 11 weeks.","breadcrumb":{"@id":"https:\/\/centech.co\/en\/call-for-projects\/#breadcrumb"},"inLanguage":"en-CA","potentialAction":[{"@type":"ReadAction","target":["https:\/\/centech.co\/en\/call-for-projects\/"]}]},{"@type":"BreadcrumbList","@id":"https:\/\/centech.co\/en\/call-for-projects\/#breadcrumb","itemListElement":[{"@type":"ListItem","position":1,"name":"Home","item":"https:\/\/centech.co\/en\/"},{"@type":"ListItem","position":2,"name":"Call for projects"}]},{"@type":"WebSite","@id":"https:\/\/centech.co\/en\/#website","url":"https:\/\/centech.co\/en\/","name":"Centech","description":"","publisher":{"@id":"https:\/\/centech.co\/en\/#organization"},"potentialAction":[{"@type":"SearchAction","target":{"@type":"EntryPoint","urlTemplate":"https:\/\/centech.co\/en\/?s={search_term_string}"},"query-input":{"@type":"PropertyValueSpecification","valueRequired":true,"valueName":"search_term_string"}}],"inLanguage":"en-CA"},{"@type":"Organization","@id":"https:\/\/centech.co\/en\/#organization","name":"Centech","url":"https:\/\/centech.co\/en\/","logo":{"@type":"ImageObject","inLanguage":"en-CA","@id":"https:\/\/centech.co\/en\/#\/schema\/logo\/image\/","url":"https:\/\/centech.co\/wp-content\/uploads\/2022\/09\/og.png","contentUrl":"https:\/\/centech.co\/wp-content\/uploads\/2022\/09\/og.png","width":2000,"height":1600,"caption":"Centech"},"image":{"@id":"https:\/\/centech.co\/en\/#\/schema\/logo\/image\/"},"sameAs":["https:\/\/www.facebook.com\/CentechMtl","https:\/\/x.com\/centechmtl","https:\/\/www.linkedin.com\/company\/centech-mtl\/","https:\/\/www.instagram.com\/centechmtl\/"]}]}},"_links":{"self":[{"href":"https:\/\/centech.co\/en\/wp-json\/wp\/v2\/pages\/12230","targetHints":{"allow":["GET"]}}],"collection":[{"href":"https:\/\/centech.co\/en\/wp-json\/wp\/v2\/pages"}],"about":[{"href":"https:\/\/centech.co\/en\/wp-json\/wp\/v2\/types\/page"}],"author":[{"embeddable":true,"href":"https:\/\/centech.co\/en\/wp-json\/wp\/v2\/users\/10"}],"replies":[{"embeddable":true,"href":"https:\/\/centech.co\/en\/wp-json\/wp\/v2\/comments?post=12230"}],"version-history":[{"count":53,"href":"https:\/\/centech.co\/en\/wp-json\/wp\/v2\/pages\/12230\/revisions"}],"predecessor-version":[{"id":16438,"href":"https:\/\/centech.co\/en\/wp-json\/wp\/v2\/pages\/12230\/revisions\/16438"}],"wp:attachment":[{"href":"https:\/\/centech.co\/en\/wp-json\/wp\/v2\/media?parent=12230"}],"curies":[{"name":"wp","href":"https:\/\/api.w.org\/{rel}","templated":true}]}}